{"id":431,"date":"2016-07-20T17:12:06","date_gmt":"2016-07-20T17:12:06","guid":{"rendered":"http:\/\/demo.hashthemes.com\/total\/?page_id=18"},"modified":"2021-07-28T11:04:11","modified_gmt":"2021-07-28T14:04:11","slug":"sales-optimization","status":"publish","type":"page","link":"https:\/\/mundolimpomacae.com.br\/index.php\/sales-optimization\/","title":{"rendered":"CORONAVIRUS: Nem s\u00f3 com \u00c1lcool em Gel previne-se a infec\u00e7\u00e3o!"},"content":{"rendered":"<p>O \u00c1lcool tem estado escasso nas \u00faltimas semanas. Houve uma procura muito acima do que os fabricantes estavam preparados para produzir. Com isso, o com\u00e9rcio n\u00e3o tem este produto dispon\u00edvel na prateleira para entrega imediata.<\/p>\n<p>\u00c9 sabido que o \u00c1lcool 70 \u00e9 o melhor produto para combater o v\u00edrus COVID-19, pois possui quantidade de \u00e1gua suficiente para n\u00e3o deixar o \u00c1lcool evaporar antes de eliminar o v\u00edrus e quantidade de \u00c1lcool necess\u00e1rio para elimin\u00e1-lo. Al\u00e9m disso, n\u00e3o deixa cheiro e n\u00e3o agride a maioria dos materiais. Por outro lado, ele n\u00e3o \u00e9 o \u00fanico.<\/p>\n<p>Segundo pesquisa recente realizada pela University Medicine Greifswald<sup>1<\/sup>, na Alemanha, h\u00e1 outros produtos usados na limpeza de superf\u00edcies e objetos, que s\u00e3o eficientes no combate ao Coronavirus. Esta pesquisa cita o \u00c1lcool 70, o Hipoclorito de S\u00f3dio e o Per\u00f3xido de Hidrog\u00eanio como sendo capazes de eliminar o v\u00edrus em menos de um minuto.<\/p>\n<p>Sabendo disso, cada um dos 3 produtos citados acima \u00e9 recomendado a partir de necessidades espec\u00edficas de cada ambiente. Por exemplo, o Hipoclorito de S\u00f3dio \u00e9 um excelente bactericida, por\u00e9m tem um odor bem caracter\u00edstico, que pode incomodar algumas pessoas. E ainda, o \u00c1lcool n\u00e3o seria recomendado em ambientes de altas temperaturas ou possibilidade de inc\u00eandio. Ou seja, o melhor produto \u00e9 aquele capaz de eliminar o v\u00edrus ao mesmo tempo em que atende aos requisitos de cada ambiente.<\/p>\n<p>Entre em contato com a Mundo Limpo que nossa equipe ajudar\u00e1 a determinar qual o produto certo para preservar a sa\u00fade de seus funcion\u00e1rios, de seus clientes e da sua fam\u00edlia.<\/p>\n<p>(22) 2770 4392<br \/>\n(22) 98178 1787 WhatsApp<br \/>\nMundoLimpo@mlimpo.com.br<\/p>\n<p><span style=\"color: #808080;\">1. G. Kampfa, D. Todtb, S. Pfaenderb, E. Steinmannb. Persistence of coronaviruses on inanimate surfaces and their inactivation with biocidal agentes. J&nbsp;Hosp Infect. March 2020; Vol 104, Issue 3, Pages 246\u2013251<\/span><\/p>\n","protected":false},"excerpt":{"rendered":"<p>O \u00c1lcool tem estado escasso nas \u00faltimas semanas. Houve uma procura muito acima do que os fabricantes estavam preparados para produzir. Com isso, o com\u00e9rcio n\u00e3o tem este produto dispon\u00edvel na prateleira para entrega imediata. \u00c9 sabido que o \u00c1lcool 70 \u00e9 o melhor produto para combater o v\u00edrus COVID-19, pois possui quantidade de \u00e1gua [&hellip;]<\/p>\n","protected":false},"author":1,"featured_media":13727,"parent":0,"menu_order":0,"comment_status":"closed","ping_status":"closed","template":"","meta":[],"_links":{"self":[{"href":"https:\/\/mundolimpomacae.com.br\/index.php\/wp-json\/wp\/v2\/pages\/431"}],"collection":[{"href":"https:\/\/mundolimpomacae.com.br\/index.php\/wp-json\/wp\/v2\/pages"}],"about":[{"href":"https:\/\/mundolimpomacae.com.br\/index.php\/wp-json\/wp\/v2\/types\/page"}],"author":[{"embeddable":true,"href":"https:\/\/mundolimpomacae.com.br\/index.php\/wp-json\/wp\/v2\/users\/1"}],"replies":[{"embeddable":true,"href":"https:\/\/mundolimpomacae.com.br\/index.php\/wp-json\/wp\/v2\/comments?post=431"}],"version-history":[{"count":12,"href":"https:\/\/mundolimpomacae.com.br\/index.php\/wp-json\/wp\/v2\/pages\/431\/revisions"}],"predecessor-version":[{"id":14714,"href":"https:\/\/mundolimpomacae.com.br\/index.php\/wp-json\/wp\/v2\/pages\/431\/revisions\/14714"}],"wp:featuredmedia":[{"embeddable":true,"href":"https:\/\/mundolimpomacae.com.br\/index.php\/wp-json\/wp\/v2\/media\/13727"}],"wp:attachment":[{"href":"https:\/\/mundolimpomacae.com.br\/index.php\/wp-json\/wp\/v2\/media?parent=431"}],"curies":[{"name":"wp","href":"https:\/\/api.w.org\/{rel}","templated":true}]}}