{"id":12836,"date":"2020-03-18T19:09:05","date_gmt":"2020-03-18T22:09:05","guid":{"rendered":"http:\/\/mundolimpomacae.com.br\/index.php\/produto\/desengraxante-yellow-pine-5l\/"},"modified":"2020-09-09T11:02:11","modified_gmt":"2020-09-09T14:02:11","slug":"desengraxante-yellow-pine-5l","status":"publish","type":"product","link":"https:\/\/mundolimpomacae.com.br\/index.php\/produto\/desengraxante-yellow-pine-5l\/","title":{"rendered":"DESENGRAXANTE YELLOW PINE 5L"},"content":{"rendered":"<p>YELLOW PINE \u00e9 um detergente desengraxante que possui um grande poder de limpeza, remove as mais<br \/>\nvariadas sujidades, fuligem, \u00f3leos, graxa e gordura, sem agredir o meio ambiente. Formulado com mat\u00e9rias<br \/>\nprimas de \u00faltima gera\u00e7\u00e3o com tenso ativos biodegrad\u00e1veis e agentes sequestrantes, associado ao \u00f3leo de<br \/>\npinho (solvente natural), possui baixa alcalinidade, que confere ao produto uma versatilidade na sua<br \/>\nutiliza\u00e7\u00e3o, n\u00e3o danifica nenhum tipo de superf\u00edcie lav\u00e1vel, tais como: pisos cer\u00e2micos, paredes, pl\u00e1sticos,<br \/>\nvidros, alum\u00ednio, superf\u00edcies pintadas, ve\u00edculos, tecidos em geral etc.<br \/>\nYELLOW PINE permite altas dilui\u00e7\u00f5es em \u00e1gua, tornando o produto muito econ\u00f4mico, mantendo um \u00f3timo<br \/>\ndesempenho na limpeza, al\u00e9m de apresentar um agrad\u00e1vel aroma de pinho.<\/p>\n<p>Dados T\u00e9cnicos:<br \/>\nApar\u00eancia: L\u00edquido Viscoso Opaco<br \/>\nCor: Amarelo<br \/>\nOdor: Pinho<br \/>\npH: 6,0 &#8211; 8,0<br \/>\nPeso espec\u00edfico: 1,065 &#8211; 1,095 g\/cm\u00b3<br \/>\nViscosidade: 6.000 &#8211; 20.000 cps<br \/>\nTeor de ativos: 27,0 &#8211; 32,0%<\/p>\n<p>PRODUTO SANEANTE NOTIFICADO NA ANVISA N\u00ba<br \/>\n25351795798\/2008-09<\/p>\n","protected":false},"excerpt":{"rendered":"<p>SPARTAN<\/p>\n","protected":false},"featured_media":13584,"comment_status":"open","ping_status":"closed","template":"","meta":[],"product_cat":[769],"product_tag":[171],"_links":{"self":[{"href":"https:\/\/mundolimpomacae.com.br\/index.php\/wp-json\/wp\/v2\/product\/12836"}],"collection":[{"href":"https:\/\/mundolimpomacae.com.br\/index.php\/wp-json\/wp\/v2\/product"}],"about":[{"href":"https:\/\/mundolimpomacae.com.br\/index.php\/wp-json\/wp\/v2\/types\/product"}],"replies":[{"embeddable":true,"href":"https:\/\/mundolimpomacae.com.br\/index.php\/wp-json\/wp\/v2\/comments?post=12836"}],"wp:featuredmedia":[{"embeddable":true,"href":"https:\/\/mundolimpomacae.com.br\/index.php\/wp-json\/wp\/v2\/media\/13584"}],"wp:attachment":[{"href":"https:\/\/mundolimpomacae.com.br\/index.php\/wp-json\/wp\/v2\/media?parent=12836"}],"wp:term":[{"taxonomy":"product_cat","embeddable":true,"href":"https:\/\/mundolimpomacae.com.br\/index.php\/wp-json\/wp\/v2\/product_cat?post=12836"},{"taxonomy":"product_tag","embeddable":true,"href":"https:\/\/mundolimpomacae.com.br\/index.php\/wp-json\/wp\/v2\/product_tag?post=12836"}],"curies":[{"name":"wp","href":"https:\/\/api.w.org\/{rel}","templated":true}]}}