{"id":12845,"date":"2020-03-18T19:09:06","date_gmt":"2020-03-18T22:09:06","guid":{"rendered":"http:\/\/mundolimpomacae.com.br\/index.php\/produto\/desinfetante-lavanda-5l-lavics\/"},"modified":"2020-08-11T13:32:28","modified_gmt":"2020-08-11T16:32:28","slug":"desinfetante-lavanda-5l-lavics","status":"publish","type":"product","link":"https:\/\/mundolimpomacae.com.br\/index.php\/produto\/desinfetante-lavanda-5l-lavics\/","title":{"rendered":"DESINFETANTE LAVANDA 5L LAVICS"},"content":{"rendered":"<p>DESINFETANTE AZULIM possui a\u00e7\u00e3o bactericida e germicida que deixa os vasos sanit\u00e1rios, ralos, latas de lixo livres de riscos.<\/p>\n<p>VANTAGENS E BENEF\u00cdCIOS<br \/>\n&#8211; Possui satisfat\u00f3ria a\u00e7\u00e3o bactericida frente as cepas Salmonella choleraesuis e Staphylococcus aureus;<br \/>\n&#8211; Produto biodegrad\u00e1vel.<\/p>\n<p>MODO DE USAR<br \/>\nPara desinfec\u00e7\u00e3o de vasos sanit\u00e1rios, ralos e latas de lixo: Aplique DESINFETANTE AZULIM puro diretamente sobre as superf\u00edcies, deixando agir por 10 minutos.<br \/>\nPara limpeza de pisos, pias, azulejos e superf\u00edcies lav\u00e1veis: Dilua aproximadamente 50 ml de DESINFETANTE AZULIM para cada litro de \u00e1gua e aplique com pano ou esponja, n\u00e3o \u00e9 necess\u00e1rio enxaguar.<br \/>\nImportante: Use luvas ao manusear o produto e suas dilui\u00e7\u00f5es.<\/p>\n<p>COMPOSI\u00c7\u00c3O<br \/>\nCloreto de didecil dimetil am\u00f4nio \/ cloreto de alquil amido propil dimetil benzil am\u00f4nio, tensoativo n\u00e3o i\u00f4nico, filtro solar, sequestrante, solvente, conservante, corante, opacificante, fragr\u00e2ncia e ve\u00edculo.<br \/>\nPrinc\u00edpio Ativo: Cloreto de didecil dimetil am\u00f4nio \/ cloreto de alquil amido propil dimetil benzil am\u00f4nio (QUATERN\u00c1RIO DE AM\u00d4NIA) \u2013 0,304% p\/p.<\/p>\n","protected":false},"excerpt":{"rendered":"<p>AZULIM<\/p>\n","protected":false},"featured_media":14533,"comment_status":"open","ping_status":"closed","template":"","meta":[],"product_cat":[703],"product_tag":[174,177,175,170,171,176],"_links":{"self":[{"href":"https:\/\/mundolimpomacae.com.br\/index.php\/wp-json\/wp\/v2\/product\/12845"}],"collection":[{"href":"https:\/\/mundolimpomacae.com.br\/index.php\/wp-json\/wp\/v2\/product"}],"about":[{"href":"https:\/\/mundolimpomacae.com.br\/index.php\/wp-json\/wp\/v2\/types\/product"}],"replies":[{"embeddable":true,"href":"https:\/\/mundolimpomacae.com.br\/index.php\/wp-json\/wp\/v2\/comments?post=12845"}],"wp:featuredmedia":[{"embeddable":true,"href":"https:\/\/mundolimpomacae.com.br\/index.php\/wp-json\/wp\/v2\/media\/14533"}],"wp:attachment":[{"href":"https:\/\/mundolimpomacae.com.br\/index.php\/wp-json\/wp\/v2\/media?parent=12845"}],"wp:term":[{"taxonomy":"product_cat","embeddable":true,"href":"https:\/\/mundolimpomacae.com.br\/index.php\/wp-json\/wp\/v2\/product_cat?post=12845"},{"taxonomy":"product_tag","embeddable":true,"href":"https:\/\/mundolimpomacae.com.br\/index.php\/wp-json\/wp\/v2\/product_tag?post=12845"}],"curies":[{"name":"wp","href":"https:\/\/api.w.org\/{rel}","templated":true}]}}