{"id":12871,"date":"2020-03-18T19:09:10","date_gmt":"2020-03-18T22:09:10","guid":{"rendered":"http:\/\/mundolimpomacae.com.br\/index.php\/produto\/limpador-geral-amoniacal-5l-gold\/"},"modified":"2020-08-05T16:00:29","modified_gmt":"2020-08-05T19:00:29","slug":"limpador-geral-amoniacal-5l-gold","status":"publish","type":"product","link":"https:\/\/mundolimpomacae.com.br\/index.php\/produto\/limpador-geral-amoniacal-5l-gold\/","title":{"rendered":"LIMPADOR GERAL AMONIACAL 5L GOLD"},"content":{"rendered":"<div class=\"boldArticleBody btArticleBody\">\n<div class=\"bt_bb_wrapper\">\n<p>Excelente limpador com pH alcalino devido ao alto teor de am\u00f4nia, proporcionando uma eficaz a\u00e7\u00e3o desengordurante e de limpeza das superf\u00edcies. Indicado para a remo\u00e7\u00e3o de sujidades e gorduras em superf\u00edcies lav\u00e1veis, paredes, pisos, azulejos, superf\u00edcies impregnadas principalmente por gorduras animais e vegetais, lixeiras e toldos.<\/p>\n<p>PROPRIEDADES F\u00cdSICO-QU\u00cdMICAS:<br \/>\nAspecto: L\u00edquido leitoso<br \/>\nCor: Branco<br \/>\nOdor: Caracter\u00edstico<br \/>\npH: 9,0 &#8211; 11,0<br \/>\nConcentra\u00e7\u00e3o (%): 6,5 &#8211; 8,5<br \/>\nDensidade (g\/ml):\u00a0 1,000 &#8211; 1,010<\/p>\n<p>MODO DE USAR:<br \/>\nLimpeza pesada: Diluir 1 parte do produto para 10 partes de \u00e1gua. Limpeza leve: Diluir 1 parte do produto para 20 partes de \u00e1gua. Manuten\u00e7\u00e3o: Diluir 01 parte do produto para 30 partes de \u00e1gua. Utilizar o produto puro em \u00e1reas cr\u00edticas.<\/p>\n<p>PROPRIEDADES:<br \/>\n1 \u2013 F\u00e1cil aplica\u00e7\u00e3o e dissolu\u00e7\u00e3o;<br \/>\n2 \u2013 Facilmente removido pelo enx\u00e1gue.<br \/>\n3 \u2013 Rendimento 150L<br \/>\nOBS: Produto \u00e0 base de am\u00f4nia e n\u00e3o pode ser misturado com produtos \u00e0 base de cloro.<\/p>\n<\/div>\n<\/div>\n","protected":false},"excerpt":{"rendered":"<p>AUDAX<\/p>\n","protected":false},"featured_media":14524,"comment_status":"open","ping_status":"closed","template":"","meta":[],"product_cat":[719],"product_tag":[174,177,170,171,176],"_links":{"self":[{"href":"https:\/\/mundolimpomacae.com.br\/index.php\/wp-json\/wp\/v2\/product\/12871"}],"collection":[{"href":"https:\/\/mundolimpomacae.com.br\/index.php\/wp-json\/wp\/v2\/product"}],"about":[{"href":"https:\/\/mundolimpomacae.com.br\/index.php\/wp-json\/wp\/v2\/types\/product"}],"replies":[{"embeddable":true,"href":"https:\/\/mundolimpomacae.com.br\/index.php\/wp-json\/wp\/v2\/comments?post=12871"}],"wp:featuredmedia":[{"embeddable":true,"href":"https:\/\/mundolimpomacae.com.br\/index.php\/wp-json\/wp\/v2\/media\/14524"}],"wp:attachment":[{"href":"https:\/\/mundolimpomacae.com.br\/index.php\/wp-json\/wp\/v2\/media?parent=12871"}],"wp:term":[{"taxonomy":"product_cat","embeddable":true,"href":"https:\/\/mundolimpomacae.com.br\/index.php\/wp-json\/wp\/v2\/product_cat?post=12871"},{"taxonomy":"product_tag","embeddable":true,"href":"https:\/\/mundolimpomacae.com.br\/index.php\/wp-json\/wp\/v2\/product_tag?post=12871"}],"curies":[{"name":"wp","href":"https:\/\/api.w.org\/{rel}","templated":true}]}}