{"id":12874,"date":"2020-03-18T19:09:10","date_gmt":"2020-03-18T22:09:10","guid":{"rendered":"http:\/\/mundolimpomacae.com.br\/index.php\/produto\/limpador-multiuso-flotador-5l\/"},"modified":"2020-09-09T12:28:09","modified_gmt":"2020-09-09T15:28:09","slug":"limpador-multiuso-flotador-5l","status":"publish","type":"product","link":"https:\/\/mundolimpomacae.com.br\/index.php\/produto\/limpador-multiuso-flotador-5l\/","title":{"rendered":"LIMPADOR MULTIUSO FLOTADOR AUDAX 5L"},"content":{"rendered":"<div class=\"boldArticleBody btArticleBody\">\n<div class=\"bt_bb_wrapper\">\n<p>Limpador com a\u00e7\u00e3o instant\u00e2nea, que utiliza o processo de flota\u00e7\u00e3o de part\u00edculas, desprendendo a sujidade da superf\u00edcie e facilitando a remo\u00e7\u00e3o. Promove uma limpeza sem esfor\u00e7o, com multia\u00e7\u00e3o e sem enx\u00e1gue. Ideal para limpeza a seco.<\/p>\n<\/div>\n<\/div>\n<div class=\"boldArticleBody btArticleBody\">\n<h5><i class=\"fas fa-exclamation-circle\"><\/i>\u00a0Indica\u00e7\u00e3o<\/h5>\n<p>Indicado para cozinhas industriais, \u00e1reas de servi\u00e7o, salas, copas, escrit\u00f3rios e recep\u00e7\u00f5es. Pode ser aplicado para limpeza de tapetes, carpetes, estofados, superf\u00edcies lav\u00e1veis, pisos frios, superf\u00edcies esmaltadas, paredes, azulejos, pl\u00e1sticos e acr\u00edlicos.<\/p>\n<h5>Dilui\u00e7\u00f5es<\/h5>\n<p>Limpeza Pesada: 1\/2<br \/>\nLimpeza M\u00e9dia: 1\/10<br \/>\nLimpeza Leve: 1\/20<\/p>\n<div class=\"tabAccordionTitle on\">Modo de usar:<\/div>\n<div class=\"tabAccordionContent\">\n<div class=\"btText\">\n<p>Aplique o produto com um pulverizador, direcionando o jato sobre a sujidade a ser removida. Deixe agir de 30 segundos a 1 minuto, dependendo do n\u00edvel da sujidade. Se necess\u00e1rio, esfregue com o aux\u00edlio de uma esponja. Remova o res\u00edduo com um pano limpo \u00famido ou seco, seque bem a superf\u00edcie. Dispensa enx\u00e1gue. Pode ser utilizado tamb\u00e9m sem pulverizador, aplique o produto em um pano \u00famido e realize a limpeza. N\u00e3o utilize pano ou esponja sujos ou encardidos.<\/p>\n<\/div>\n<\/div>\n<\/div>\n","protected":false},"excerpt":{"rendered":"<p>AUDAX<\/p>\n","protected":false},"featured_media":14555,"comment_status":"open","ping_status":"closed","template":"","meta":[],"product_cat":[719],"product_tag":[174,177,170,171,176],"_links":{"self":[{"href":"https:\/\/mundolimpomacae.com.br\/index.php\/wp-json\/wp\/v2\/product\/12874"}],"collection":[{"href":"https:\/\/mundolimpomacae.com.br\/index.php\/wp-json\/wp\/v2\/product"}],"about":[{"href":"https:\/\/mundolimpomacae.com.br\/index.php\/wp-json\/wp\/v2\/types\/product"}],"replies":[{"embeddable":true,"href":"https:\/\/mundolimpomacae.com.br\/index.php\/wp-json\/wp\/v2\/comments?post=12874"}],"wp:featuredmedia":[{"embeddable":true,"href":"https:\/\/mundolimpomacae.com.br\/index.php\/wp-json\/wp\/v2\/media\/14555"}],"wp:attachment":[{"href":"https:\/\/mundolimpomacae.com.br\/index.php\/wp-json\/wp\/v2\/media?parent=12874"}],"wp:term":[{"taxonomy":"product_cat","embeddable":true,"href":"https:\/\/mundolimpomacae.com.br\/index.php\/wp-json\/wp\/v2\/product_cat?post=12874"},{"taxonomy":"product_tag","embeddable":true,"href":"https:\/\/mundolimpomacae.com.br\/index.php\/wp-json\/wp\/v2\/product_tag?post=12874"}],"curies":[{"name":"wp","href":"https:\/\/api.w.org\/{rel}","templated":true}]}}