{"id":12875,"date":"2020-03-18T19:09:11","date_gmt":"2020-03-18T22:09:11","guid":{"rendered":"http:\/\/mundolimpomacae.com.br\/index.php\/produto\/limpador-multiuso-peroxy-5l\/"},"modified":"2020-09-09T12:23:11","modified_gmt":"2020-09-09T15:23:11","slug":"limpador-multiuso-peroxy-5l","status":"publish","type":"product","link":"https:\/\/mundolimpomacae.com.br\/index.php\/produto\/limpador-multiuso-peroxy-5l\/","title":{"rendered":"LIMPADOR MULTIUSO OXY ATIVO AUDAX 5L"},"content":{"rendered":"<p>Limpador concentrado, vers\u00e1til, para todos os tipos de superf\u00edcies lav\u00e1veis. Produto a base de Per\u00f3xido de Hidrog\u00eanio, que limpa atrav\u00e9s de uma rea\u00e7\u00e3o qu\u00edmica em contato com as sujeiras, formando pequenas bolhas efervescentes, que auxiliam na remo\u00e7\u00e3o da sujidade. \u00c9 uma eficaz solu\u00e7\u00e3o para limpeza e possui excelentes propriedades de alvejamento. Seu alto poder oxidante \u00e9 capaz de neutralizar os maus odores.<\/p>\n<h5>Indica\u00e7\u00e3o<\/h5>\n<p>Indicado para pisos lav\u00e1veis, lonas, azulejos, paredes lav\u00e1veis, rejuntes, superf\u00edcies com mofo, tecidos e estofados claros (poder alvejante), dentre outros.<\/p>\n<h5><i class=\"fas fa-vials\"><\/i>\u00a0Dilui\u00e7\u00f5es<\/h5>\n<p>Limpeza Pesada: 1\/20<br \/>\nLimpeza M\u00e9dia: 1\/50<br \/>\nLimpeza Leve: 1\/200<\/p>\n<div class=\"tabAccordionTitle on\">Modo de usar:<br \/>\nAplique o produto dilu\u00eddo, de acordo com o grau de sujidade da superf\u00edcie a ser limpa. Espalhe bem e deixe agir por no m\u00ednimo 5 minutos. Com o aux\u00edlio de equipamentos (m\u00e1quinas lavadoras, mops ou LTs) realize a limpeza. Enx\u00e1gue.<\/div>\n","protected":false},"excerpt":{"rendered":"<p>AUDAX<\/p>\n","protected":false},"featured_media":14553,"comment_status":"open","ping_status":"closed","template":"","meta":[],"product_cat":[719],"product_tag":[174,177,170,171,176],"_links":{"self":[{"href":"https:\/\/mundolimpomacae.com.br\/index.php\/wp-json\/wp\/v2\/product\/12875"}],"collection":[{"href":"https:\/\/mundolimpomacae.com.br\/index.php\/wp-json\/wp\/v2\/product"}],"about":[{"href":"https:\/\/mundolimpomacae.com.br\/index.php\/wp-json\/wp\/v2\/types\/product"}],"replies":[{"embeddable":true,"href":"https:\/\/mundolimpomacae.com.br\/index.php\/wp-json\/wp\/v2\/comments?post=12875"}],"wp:featuredmedia":[{"embeddable":true,"href":"https:\/\/mundolimpomacae.com.br\/index.php\/wp-json\/wp\/v2\/media\/14553"}],"wp:attachment":[{"href":"https:\/\/mundolimpomacae.com.br\/index.php\/wp-json\/wp\/v2\/media?parent=12875"}],"wp:term":[{"taxonomy":"product_cat","embeddable":true,"href":"https:\/\/mundolimpomacae.com.br\/index.php\/wp-json\/wp\/v2\/product_cat?post=12875"},{"taxonomy":"product_tag","embeddable":true,"href":"https:\/\/mundolimpomacae.com.br\/index.php\/wp-json\/wp\/v2\/product_tag?post=12875"}],"curies":[{"name":"wp","href":"https:\/\/api.w.org\/{rel}","templated":true}]}}