{"id":12938,"date":"2020-03-18T19:09:24","date_gmt":"2020-03-18T22:09:24","guid":{"rendered":"http:\/\/mundolimpomacae.com.br\/index.php\/produto\/oleo-de-peroba-100ml\/"},"modified":"2020-08-05T16:34:18","modified_gmt":"2020-08-05T19:34:18","slug":"oleo-de-peroba-100ml","status":"publish","type":"product","link":"https:\/\/mundolimpomacae.com.br\/index.php\/produto\/oleo-de-peroba-100ml\/","title":{"rendered":"OLEO DE PEROBA 100ML"},"content":{"rendered":"<p>Conserva, limpa, lustra e renova todos os tipos de madeira. Protegendo contra a\u00e7\u00e3o do tempo m\u00f3veis, portas, janelas, lambris, port\u00f5es, ferragens e artefatos de madeira. Tamb\u00e9m aplicado em assoalhos, laminados de madeira e pisos cer\u00e2micos. Deixando um cheirinho agrad\u00e1vel de casa limpa.<\/p>\n<p><strong>Aten\u00e7\u00e3o:<\/strong>\u00a0N\u00e3o \u00e9 recomendado usar em m\u00f3veis com filmes de resina acr\u00edlica, poliuretano (alto brilho), etc.<\/p>\n<p class=\"widgettitle\">MODO DE USAR:<\/p>\n<ol>\n<li>Remover a poeira com escova ou pano seco;<\/li>\n<li>Aplica algumas gotas com um pano limpo;<\/li>\n<li class=\"widgettitle\">Lustrar com flanela ou pano seco e macio;<\/li>\n<\/ol>\n<div class=\"textwidget\">\n<p>Em assoalhos, laminados de madeira e pisos cer\u00e2micos diluir algumas gotas em \u00e1gua, esfregar com pano \u00famido e lustrar com pano seco e macio. Usar sem excesso. O uso cont\u00ednuo hidrata evitando o ressecamento e dando vida nova \u00e0 madeira.<\/p>\n<\/div>\n","protected":false},"excerpt":{"rendered":"<p>Conserva, limpa, lustra e renova todos os tipos de madeira. Protegendo contra a\u00e7\u00e3o do tempo m\u00f3veis, portas, janelas, lambris, port\u00f5es, ferragens e artefatos de madeira. Tamb\u00e9m aplicado em assoalhos, laminados de madeira e pisos cer\u00e2micos. Deixando um cheirinho agrad\u00e1vel de casa limpa. Aten\u00e7\u00e3o:\u00a0N\u00e3o \u00e9 recomendado usar em m\u00f3veis com filmes de resina acr\u00edlica, poliuretano (alto [&hellip;]<\/p>\n","protected":false},"featured_media":14113,"comment_status":"closed","ping_status":"closed","template":"","meta":[],"product_cat":[721],"product_tag":[174,177,175,170,171,173,176],"_links":{"self":[{"href":"https:\/\/mundolimpomacae.com.br\/index.php\/wp-json\/wp\/v2\/product\/12938"}],"collection":[{"href":"https:\/\/mundolimpomacae.com.br\/index.php\/wp-json\/wp\/v2\/product"}],"about":[{"href":"https:\/\/mundolimpomacae.com.br\/index.php\/wp-json\/wp\/v2\/types\/product"}],"replies":[{"embeddable":true,"href":"https:\/\/mundolimpomacae.com.br\/index.php\/wp-json\/wp\/v2\/comments?post=12938"}],"wp:featuredmedia":[{"embeddable":true,"href":"https:\/\/mundolimpomacae.com.br\/index.php\/wp-json\/wp\/v2\/media\/14113"}],"wp:attachment":[{"href":"https:\/\/mundolimpomacae.com.br\/index.php\/wp-json\/wp\/v2\/media?parent=12938"}],"wp:term":[{"taxonomy":"product_cat","embeddable":true,"href":"https:\/\/mundolimpomacae.com.br\/index.php\/wp-json\/wp\/v2\/product_cat?post=12938"},{"taxonomy":"product_tag","embeddable":true,"href":"https:\/\/mundolimpomacae.com.br\/index.php\/wp-json\/wp\/v2\/product_tag?post=12938"}],"curies":[{"name":"wp","href":"https:\/\/api.w.org\/{rel}","templated":true}]}}