{"id":14521,"date":"2020-08-05T15:24:13","date_gmt":"2020-08-05T18:24:13","guid":{"rendered":"https:\/\/mundolimpomacae.com.br\/?post_type=product&#038;p=14521"},"modified":"2020-08-05T15:40:55","modified_gmt":"2020-08-05T18:40:55","slug":"desinfetante-quaternario-amonia-starbac-5l","status":"publish","type":"product","link":"https:\/\/mundolimpomacae.com.br\/index.php\/produto\/desinfetante-quaternario-amonia-starbac-5l\/","title":{"rendered":"DESINFETANTE QUATERNARIO AMONIA STARBAC 5L"},"content":{"rendered":"<p>STARBAC desinfetante para uso geral especialmente elaborado para a sanitiza\u00e7\u00e3o de superf\u00edcies externas de equipamentos e utens\u00edlios de processamento, c\u00e2maras frigorificas, criadouros de animais, uso geral em ambientes (pisos, paredes e bancadas), clubes e desinfec\u00e7\u00e3o de areia de playgrounds.<\/p>\n<p>CARACTER\u00cdSTICAS F\u00cdSICO QU\u00cdMICAS<br \/>\nAspecto: L\u00edquido<br \/>\nCor: Levemente amarelado<br \/>\npH (tal qual): 5,5 \u2013 7,5<\/p>\n<p>COMPOSI\u00c7\u00c3O<br \/>\nCloreto de didecil dimetil am\u00f4nio \/ Cloreto de alquil amido propil dimetil benzil am\u00f4nio (Quatern\u00e1rio de Am\u00f4nio) e \u00e1gua. Princ\u00edpio ativo: Cloreto de didecil dimetil am\u00f4nio \/ Cloreto de alquil amido propil dimetil benzil am\u00f4nio \/ Etanol (Quatern\u00e1rio de Am\u00f4nio) &#8211; 14,94%<\/p>\n","protected":false},"excerpt":{"rendered":"<p>START<\/p>\n","protected":false},"featured_media":14522,"comment_status":"closed","ping_status":"closed","template":"","meta":[],"product_cat":[703],"product_tag":[174,177,175,170,171,176],"_links":{"self":[{"href":"https:\/\/mundolimpomacae.com.br\/index.php\/wp-json\/wp\/v2\/product\/14521"}],"collection":[{"href":"https:\/\/mundolimpomacae.com.br\/index.php\/wp-json\/wp\/v2\/product"}],"about":[{"href":"https:\/\/mundolimpomacae.com.br\/index.php\/wp-json\/wp\/v2\/types\/product"}],"replies":[{"embeddable":true,"href":"https:\/\/mundolimpomacae.com.br\/index.php\/wp-json\/wp\/v2\/comments?post=14521"}],"wp:featuredmedia":[{"embeddable":true,"href":"https:\/\/mundolimpomacae.com.br\/index.php\/wp-json\/wp\/v2\/media\/14522"}],"wp:attachment":[{"href":"https:\/\/mundolimpomacae.com.br\/index.php\/wp-json\/wp\/v2\/media?parent=14521"}],"wp:term":[{"taxonomy":"product_cat","embeddable":true,"href":"https:\/\/mundolimpomacae.com.br\/index.php\/wp-json\/wp\/v2\/product_cat?post=14521"},{"taxonomy":"product_tag","embeddable":true,"href":"https:\/\/mundolimpomacae.com.br\/index.php\/wp-json\/wp\/v2\/product_tag?post=14521"}],"curies":[{"name":"wp","href":"https:\/\/api.w.org\/{rel}","templated":true}]}}