{"id":14536,"date":"2020-09-09T10:27:01","date_gmt":"2020-09-09T13:27:01","guid":{"rendered":"https:\/\/mundolimpomacae.com.br\/?post_type=product&#038;p=14536"},"modified":"2020-09-09T10:38:44","modified_gmt":"2020-09-09T13:38:44","slug":"desinfetante-peroxy-4d-spartan-5l","status":"publish","type":"product","link":"https:\/\/mundolimpomacae.com.br\/index.php\/produto\/desinfetante-peroxy-4d-spartan-5l\/","title":{"rendered":"DESINFETANTE PEROXY 4D SPARTAN 5L"},"content":{"rendered":"<p>Detergente, desinfetante n\u00edvel intermedi\u00e1rio e desodorizante hospitalar de alto desempenho, com formula\u00e7\u00e3o exclusiva que mistura Quatern\u00e1rio de Am\u00f4nio de 5\u00aa gera\u00e7\u00e3o e Per\u00f3xido de Hidrog\u00eanio, potencializando a a\u00e7\u00e3o de desinfec\u00e7\u00e3o em um amplo espectro de microrganismos.<\/p>\n<p>DILUI\u00c7\u00c3O at\u00e9 1:25 desinfetante n\u00edvel intermedi\u00e1rio, at\u00e9 1:100 desinfetante superf\u00edcies fixas e at\u00e9 1:250 limpador de uso geral<\/p>\n<p>CARACTER\u00cdSTICAS F\u00cdSICO- QU\u00cdMICA<br \/>\nApar\u00eancia: L\u00edquido Transparente<br \/>\nCor: Incolor<br \/>\nOdor: Caracter\u00edstico<br \/>\npH: 2,0 &#8211; 3,0<br \/>\nPrinc\u00edpio ativo bactericida: Per\u00f3xido de Hidrog\u00eanio 4,25% e Cloreto de cocobenzil alquil dimetil am\u00f4nio, Cloreto de didecil dimetil am\u00f4nio 5,6%<\/p>\n<p>COMPOSI\u00c7\u00c3O<br \/>\n\u00c1gua, tensoativo n\u00e3o-i\u00f4nico, acidificante e ativos<\/p>\n<p>PRODUTO SANEANTE REGISTRADO NA ANVISA\/MS SOB N\u00b0<br \/>\n3.0018.0183<\/p>\n","protected":false},"excerpt":{"rendered":"<p>Detergente, desinfetante n\u00edvel intermedi\u00e1rio e desodorizante hospitalar de alto desempenho, com formula\u00e7\u00e3o exclusiva que mistura Quatern\u00e1rio de Am\u00f4nio de 5\u00aa gera\u00e7\u00e3o e Per\u00f3xido de Hidrog\u00eanio, potencializando a a\u00e7\u00e3o de desinfec\u00e7\u00e3o em um amplo espectro de microrganismos. DILUI\u00c7\u00c3O at\u00e9 1:25 desinfetante n\u00edvel intermedi\u00e1rio, at\u00e9 1:100 desinfetante superf\u00edcies fixas e at\u00e9 1:250 limpador de uso geral CARACTER\u00cdSTICAS [&hellip;]<\/p>\n","protected":false},"featured_media":14537,"comment_status":"closed","ping_status":"closed","template":"","meta":[],"product_cat":[703],"product_tag":[174,177,175,170,171,176],"_links":{"self":[{"href":"https:\/\/mundolimpomacae.com.br\/index.php\/wp-json\/wp\/v2\/product\/14536"}],"collection":[{"href":"https:\/\/mundolimpomacae.com.br\/index.php\/wp-json\/wp\/v2\/product"}],"about":[{"href":"https:\/\/mundolimpomacae.com.br\/index.php\/wp-json\/wp\/v2\/types\/product"}],"replies":[{"embeddable":true,"href":"https:\/\/mundolimpomacae.com.br\/index.php\/wp-json\/wp\/v2\/comments?post=14536"}],"wp:featuredmedia":[{"embeddable":true,"href":"https:\/\/mundolimpomacae.com.br\/index.php\/wp-json\/wp\/v2\/media\/14537"}],"wp:attachment":[{"href":"https:\/\/mundolimpomacae.com.br\/index.php\/wp-json\/wp\/v2\/media?parent=14536"}],"wp:term":[{"taxonomy":"product_cat","embeddable":true,"href":"https:\/\/mundolimpomacae.com.br\/index.php\/wp-json\/wp\/v2\/product_cat?post=14536"},{"taxonomy":"product_tag","embeddable":true,"href":"https:\/\/mundolimpomacae.com.br\/index.php\/wp-json\/wp\/v2\/product_tag?post=14536"}],"curies":[{"name":"wp","href":"https:\/\/api.w.org\/{rel}","templated":true}]}}