{"id":14538,"date":"2020-09-09T10:40:46","date_gmt":"2020-09-09T13:40:46","guid":{"rendered":"https:\/\/mundolimpomacae.com.br\/?post_type=product&#038;p=14538"},"modified":"2020-09-09T11:39:53","modified_gmt":"2020-09-09T14:39:53","slug":"desinfetante-clean-by-peroxy-spartan-5l","status":"publish","type":"product","link":"https:\/\/mundolimpomacae.com.br\/index.php\/produto\/desinfetante-clean-by-peroxy-spartan-5l\/","title":{"rendered":"DESINFETANTE CLEAN BY PEROXY SPARTAN 5L"},"content":{"rendered":"<p>Desinfetante e limpador de uso geral, \u00e0 base de Per\u00f3xido de Hidrog\u00eanio. Garante excelente performance de limpeza e desinfec\u00e7\u00e3o.<\/p>\n<p>Clean by Peroxy recebeu certifica\u00e7\u00e3o de r\u00f3tulo ecol\u00f3gico ABNT, comprovando que sua formula\u00e7\u00e3o e processo produtivo foram pensados de modo a minimizar desperd\u00edcios e impactos negativos no meio ambiente.<\/p>\n<p>DILUI\u00c7\u00c3O at\u00e9 1:200<\/p>\n<p>CARACTER\u00cdSTICAS F\u00cdSICO- QU\u00cdMICA<br \/>\nApar\u00eancia: L\u00edquido Transparente<br \/>\nCor: Azul<br \/>\nOdor: Floral c\u00edtrico<br \/>\npH: 2,50 &#8211; 4,50<\/p>\n<p>COMPOSI\u00c7\u00c3O<br \/>\n\u00c1gua, tensoativos n\u00e3o i\u00f4nicos, acidificante, ativo, fragr\u00e2ncia e corante CI:61.585.<\/p>\n<p>PRINC\u00cdPIO ATIVO:Per\u00f3xido de Hidrog\u00eanio:2,275%.<\/p>\n<p>PRODUTO SANEANTE REGISTRADO NA ANVISA\/MS SOB N\u00b0<br \/>\n3.0018.0182<\/p>\n","protected":false},"excerpt":{"rendered":"<p>Desinfetante e limpador de uso geral, \u00e0 base de Per\u00f3xido de Hidrog\u00eanio. Garante excelente performance de limpeza e desinfec\u00e7\u00e3o. Clean by Peroxy recebeu certifica\u00e7\u00e3o de r\u00f3tulo ecol\u00f3gico ABNT, comprovando que sua formula\u00e7\u00e3o e processo produtivo foram pensados de modo a minimizar desperd\u00edcios e impactos negativos no meio ambiente. DILUI\u00c7\u00c3O at\u00e9 1:200 CARACTER\u00cdSTICAS F\u00cdSICO- QU\u00cdMICA Apar\u00eancia: [&hellip;]<\/p>\n","protected":false},"featured_media":14540,"comment_status":"closed","ping_status":"closed","template":"","meta":[],"product_cat":[719],"product_tag":[174,177,175,170,171,176],"_links":{"self":[{"href":"https:\/\/mundolimpomacae.com.br\/index.php\/wp-json\/wp\/v2\/product\/14538"}],"collection":[{"href":"https:\/\/mundolimpomacae.com.br\/index.php\/wp-json\/wp\/v2\/product"}],"about":[{"href":"https:\/\/mundolimpomacae.com.br\/index.php\/wp-json\/wp\/v2\/types\/product"}],"replies":[{"embeddable":true,"href":"https:\/\/mundolimpomacae.com.br\/index.php\/wp-json\/wp\/v2\/comments?post=14538"}],"wp:featuredmedia":[{"embeddable":true,"href":"https:\/\/mundolimpomacae.com.br\/index.php\/wp-json\/wp\/v2\/media\/14540"}],"wp:attachment":[{"href":"https:\/\/mundolimpomacae.com.br\/index.php\/wp-json\/wp\/v2\/media?parent=14538"}],"wp:term":[{"taxonomy":"product_cat","embeddable":true,"href":"https:\/\/mundolimpomacae.com.br\/index.php\/wp-json\/wp\/v2\/product_cat?post=14538"},{"taxonomy":"product_tag","embeddable":true,"href":"https:\/\/mundolimpomacae.com.br\/index.php\/wp-json\/wp\/v2\/product_tag?post=14538"}],"curies":[{"name":"wp","href":"https:\/\/api.w.org\/{rel}","templated":true}]}}