{"id":14545,"date":"2020-09-09T11:26:32","date_gmt":"2020-09-09T14:26:32","guid":{"rendered":"https:\/\/mundolimpomacae.com.br\/?post_type=product&#038;p=14545"},"modified":"2020-09-09T11:35:41","modified_gmt":"2020-09-09T14:35:41","slug":"neutralizador-de-odores-fresh-air-spartan-2l","status":"publish","type":"product","link":"https:\/\/mundolimpomacae.com.br\/index.php\/produto\/neutralizador-de-odores-fresh-air-spartan-2l\/","title":{"rendered":"NEUTRALIZADOR DE ODORES FRESH AIR SPARTAN 2L"},"content":{"rendered":"<p>FRESH AIR &#8211; AIRLIFT neutraliza maus odores e desodoriza ambientes.<br \/>\nFRESH AIR &#8211; AIRLIFT \u00e9 especialmente desenvolvido para proporcionar um ambiente livre de odores desagrad\u00e1veis como tabaco, mofo e urina. Sua formula\u00e7\u00e3o cont\u00e9m grande efeito residual de fragr\u00e2ncia Airlift, permanecendo no ambiente por um longo per\u00edodo ap\u00f3s a sua aplica\u00e7\u00e3o.Mant\u00e9m o ambiente com um perfume suave e agrad\u00e1vel proporcionando ao usu\u00e1rio uma sensa\u00e7\u00e3o de limpeza e bem estar.<br \/>\nFRESH AIR &#8211; AIRLIFT \u00e9 ideal para locais onde maus odores s\u00e3o inadmiss\u00edveis, podendo ser utilizado em diferentes lugares como hot\u00e9is, mot\u00e9is, sanit\u00e1rios, clubes, lojas, teatro, cinema, casa noturna, ambientes fechados em geral ou onde se deseja um ambiente odorizado.<br \/>\nFRESH AIR &#8211; AIRLIFT n\u00e3o cont\u00e9m solventes em sua formula\u00e7\u00e3o, caracter\u00edstica que proporciona seguran\u00e7a \u00e0 superf\u00edcie, ao usu\u00e1rio e ao meio ambiente.<\/p>\n<p>CARACTER\u00cdSTICAS F\u00cdSICO- QU\u00cdMICA<br \/>\nApar\u00eancia: L\u00edquido Transparente<br \/>\nCor: Incolor a amarelado<br \/>\nOdor: Caracter\u00edstico<br \/>\npH: 6,0 &#8211; 8,5<\/p>\n<p>COMPOSI\u00c7\u00c3O<br \/>\nVe\u00edculo, neutralizador, alcalinizante, tensoativo n\u00e3o i\u00f4nico, fragr\u00e2ncia e conservante.<\/p>\n<p>PRODUTO SANEANTE REGISTRADO NA ANVISA\/MS SOB N\u00b0<br \/>\n25351.246831\/2013-08<\/p>\n<p>Para Neutraliza\u00e7\u00e3o de Odores:<br \/>\nUtilizar o produto puro.<br \/>\n1.Aplicar FRESH AIR &#8211; AIRLIFT com aux\u00edlio de um pulverizador (Sprayer).Pulverizar o produto no ar,<br \/>\ndiretamente no local desejado ou em todo o ambiente.<br \/>\nPara Odoriza\u00e7\u00e3o de Ambientes:<br \/>\nRecomendamos dilui\u00e7\u00f5es m\u00e1ximas de at\u00e9 1:15.<br \/>\n1.Aplicar FRESH AIR &#8211; AIRLIFT com aux\u00edlio de um pulverizador (Sprayer).Pulverizar o produto no ar,<br \/>\ndiretamente no local desejado ou em todo o ambiente.<\/p>\n","protected":false},"excerpt":{"rendered":"<p>SPARTAN<\/p>\n","protected":false},"featured_media":14546,"comment_status":"open","ping_status":"closed","template":"","meta":[],"product_cat":[770],"product_tag":[177,170,171,176],"_links":{"self":[{"href":"https:\/\/mundolimpomacae.com.br\/index.php\/wp-json\/wp\/v2\/product\/14545"}],"collection":[{"href":"https:\/\/mundolimpomacae.com.br\/index.php\/wp-json\/wp\/v2\/product"}],"about":[{"href":"https:\/\/mundolimpomacae.com.br\/index.php\/wp-json\/wp\/v2\/types\/product"}],"replies":[{"embeddable":true,"href":"https:\/\/mundolimpomacae.com.br\/index.php\/wp-json\/wp\/v2\/comments?post=14545"}],"wp:featuredmedia":[{"embeddable":true,"href":"https:\/\/mundolimpomacae.com.br\/index.php\/wp-json\/wp\/v2\/media\/14546"}],"wp:attachment":[{"href":"https:\/\/mundolimpomacae.com.br\/index.php\/wp-json\/wp\/v2\/media?parent=14545"}],"wp:term":[{"taxonomy":"product_cat","embeddable":true,"href":"https:\/\/mundolimpomacae.com.br\/index.php\/wp-json\/wp\/v2\/product_cat?post=14545"},{"taxonomy":"product_tag","embeddable":true,"href":"https:\/\/mundolimpomacae.com.br\/index.php\/wp-json\/wp\/v2\/product_tag?post=14545"}],"curies":[{"name":"wp","href":"https:\/\/api.w.org\/{rel}","templated":true}]}}