{"id":14550,"date":"2020-09-09T11:49:33","date_gmt":"2020-09-09T14:49:33","guid":{"rendered":"https:\/\/mundolimpomacae.com.br\/?post_type=product&#038;p=14550"},"modified":"2020-09-09T12:10:25","modified_gmt":"2020-09-09T15:10:25","slug":"cera-liquida-acrilica-high-shine-spartan-5l","status":"publish","type":"product","link":"https:\/\/mundolimpomacae.com.br\/index.php\/produto\/cera-liquida-acrilica-high-shine-spartan-5l\/","title":{"rendered":"CERA LIQUIDA ACR\u00cdLICA HIGH SHINE SPARTAN 5L"},"content":{"rendered":"<p>HIGH SHINE \u00e9 um acabamento acr\u00edlico especialmente desenvolvido para proporcionar excelente brilho,<br \/>\nnivelamento e durabilidade. Sua f\u00f3rmula balanceada com alto teor de s\u00f3lidos permite que o acabamento tenha<br \/>\nresist\u00eancia ao tr\u00e1fego, efeito antiderrapante, \u00f3tima resposta de brilho ap\u00f3s polimento HS e UHS. De f\u00e1cil aplica\u00e7\u00e3o<br \/>\ne manuten\u00e7\u00e3o o produto HIGH SHINE se apresenta com um \u00f3timo rendimento por camada al\u00e9m de aumentar o<br \/>\ntempo da realiza\u00e7\u00e3o dos ciclos de remo\u00e7\u00e3o. Estas caracter\u00edsticas contribuem para um processo mais eficaz e<br \/>\necon\u00f4mico. HIGH SHINE \u00e9 indicado para a impermeabiliza\u00e7\u00e3o de granilite, marmorite, terrazzo, ard\u00f3sia, pisos<br \/>\nvin\u00edlicos fornecendo um elevado brilho visual que pode ser percebido atrav\u00e9s da aprimorada reflex\u00e3o de luz.<\/p>\n<p>Dados T\u00e9cnicos:<br \/>\nApar\u00eancia: L\u00edquido Leitoso<br \/>\nCor: Branco<br \/>\nOdor: Caracter\u00edstico<br \/>\npH: 8,0 0 &#8211; 10,00<br \/>\nPeso espec\u00edfico: 1,020 &#8211; 1,050 g\/cm\u00b3<br \/>\nViscosidade: 5,00 &#8211; 20,00 cps<br \/>\nTeor de ativos: 39,0 &#8211; 41,0%<\/p>\n<p>PRODUTO SANEANTE NOTIFICADO NA ANVISA<br \/>\nN\u00b025351608068\/2014-96<\/p>\n","protected":false},"excerpt":{"rendered":"<p>SPARTAN<\/p>\n","protected":false},"featured_media":14551,"comment_status":"open","ping_status":"closed","template":"","meta":[],"product_cat":[688],"product_tag":[174,177,175,170,171,176],"_links":{"self":[{"href":"https:\/\/mundolimpomacae.com.br\/index.php\/wp-json\/wp\/v2\/product\/14550"}],"collection":[{"href":"https:\/\/mundolimpomacae.com.br\/index.php\/wp-json\/wp\/v2\/product"}],"about":[{"href":"https:\/\/mundolimpomacae.com.br\/index.php\/wp-json\/wp\/v2\/types\/product"}],"replies":[{"embeddable":true,"href":"https:\/\/mundolimpomacae.com.br\/index.php\/wp-json\/wp\/v2\/comments?post=14550"}],"wp:featuredmedia":[{"embeddable":true,"href":"https:\/\/mundolimpomacae.com.br\/index.php\/wp-json\/wp\/v2\/media\/14551"}],"wp:attachment":[{"href":"https:\/\/mundolimpomacae.com.br\/index.php\/wp-json\/wp\/v2\/media?parent=14550"}],"wp:term":[{"taxonomy":"product_cat","embeddable":true,"href":"https:\/\/mundolimpomacae.com.br\/index.php\/wp-json\/wp\/v2\/product_cat?post=14550"},{"taxonomy":"product_tag","embeddable":true,"href":"https:\/\/mundolimpomacae.com.br\/index.php\/wp-json\/wp\/v2\/product_tag?post=14550"}],"curies":[{"name":"wp","href":"https:\/\/api.w.org\/{rel}","templated":true}]}}