{"id":14569,"date":"2020-09-10T16:33:25","date_gmt":"2020-09-10T19:33:25","guid":{"rendered":"https:\/\/mundolimpomacae.com.br\/?post_type=product&#038;p=14569"},"modified":"2020-09-10T16:41:06","modified_gmt":"2020-09-10T19:41:06","slug":"tapete-sanitizante-2-em-1-max-78x40cm-kapazi","status":"publish","type":"product","link":"https:\/\/mundolimpomacae.com.br\/index.php\/produto\/tapete-sanitizante-2-em-1-max-78x40cm-kapazi\/","title":{"rendered":"TAPETE SANITIZANTE 2 em 1 MAX 78x40cm KAPAZI"},"content":{"rendered":"<p>O tapete Sanitizante Kapazi 2 em 1 \u00e9 formado de uma parte sanitizante e outra parte de secagem dos cal\u00e7ados. Ele \u00e9 produzido em vinil (PVC), n\u00e3o mancha, possui borda vedante que impede o vazamento de l\u00edquidos, espessura de 10mm, \u00e9 antiderrapante e antichama.<\/p>\n","protected":false},"excerpt":{"rendered":"<p>KAPAZI<\/p>\n","protected":false},"featured_media":14570,"comment_status":"open","ping_status":"closed","template":"","meta":[],"product_cat":[15],"product_tag":[174,177,175,170,171,173,176],"_links":{"self":[{"href":"https:\/\/mundolimpomacae.com.br\/index.php\/wp-json\/wp\/v2\/product\/14569"}],"collection":[{"href":"https:\/\/mundolimpomacae.com.br\/index.php\/wp-json\/wp\/v2\/product"}],"about":[{"href":"https:\/\/mundolimpomacae.com.br\/index.php\/wp-json\/wp\/v2\/types\/product"}],"replies":[{"embeddable":true,"href":"https:\/\/mundolimpomacae.com.br\/index.php\/wp-json\/wp\/v2\/comments?post=14569"}],"wp:featuredmedia":[{"embeddable":true,"href":"https:\/\/mundolimpomacae.com.br\/index.php\/wp-json\/wp\/v2\/media\/14570"}],"wp:attachment":[{"href":"https:\/\/mundolimpomacae.com.br\/index.php\/wp-json\/wp\/v2\/media?parent=14569"}],"wp:term":[{"taxonomy":"product_cat","embeddable":true,"href":"https:\/\/mundolimpomacae.com.br\/index.php\/wp-json\/wp\/v2\/product_cat?post=14569"},{"taxonomy":"product_tag","embeddable":true,"href":"https:\/\/mundolimpomacae.com.br\/index.php\/wp-json\/wp\/v2\/product_tag?post=14569"}],"curies":[{"name":"wp","href":"https:\/\/api.w.org\/{rel}","templated":true}]}}