{"id":14571,"date":"2020-09-10T16:41:53","date_gmt":"2020-09-10T19:41:53","guid":{"rendered":"https:\/\/mundolimpomacae.com.br\/?post_type=product&#038;p=14571"},"modified":"2020-09-10T16:57:03","modified_gmt":"2020-09-10T19:57:03","slug":"tapete-sanitizante-80x50cm-real","status":"publish","type":"product","link":"https:\/\/mundolimpomacae.com.br\/index.php\/produto\/tapete-sanitizante-80x50cm-real\/","title":{"rendered":"TAPETE SANITIZANTE 80X50cm REAL"},"content":{"rendered":"<p>N\u00e3o \u00e9 apenas um vinil comum de porta de entrada.<\/p>\n<p>Ele \u00e9 um vinil diferente capaz de suportar o dia todo com \u00e1gua sanit\u00e1ria ou outro produto sanitizante sem deteriorar sua veda\u00e7\u00e3o.<\/p>\n<p>\u00c9 uma barreira que promove prote\u00e7\u00e3o contra a contamina\u00e7\u00e3o microbiol\u00f3gica como, por exemplo, o COVID-19.<\/p>\n<p>Limpa profundamente e desinfeta solas de sapatos e botas, impedindo que a contamina\u00e7\u00e3o seja levada para o interior do ambiente.<\/p>\n<p>Ideal para entradas de \u00e1reas limpas nos ramos aliment\u00edcios, condom\u00ednios, hoteleiro, industrial e residencial.<\/p>\n","protected":false},"excerpt":{"rendered":"<p>REAL TAPETES<\/p>\n","protected":false},"featured_media":14572,"comment_status":"open","ping_status":"closed","template":"","meta":[],"product_cat":[15],"product_tag":[174,177,175,170,171,173,176],"_links":{"self":[{"href":"https:\/\/mundolimpomacae.com.br\/index.php\/wp-json\/wp\/v2\/product\/14571"}],"collection":[{"href":"https:\/\/mundolimpomacae.com.br\/index.php\/wp-json\/wp\/v2\/product"}],"about":[{"href":"https:\/\/mundolimpomacae.com.br\/index.php\/wp-json\/wp\/v2\/types\/product"}],"replies":[{"embeddable":true,"href":"https:\/\/mundolimpomacae.com.br\/index.php\/wp-json\/wp\/v2\/comments?post=14571"}],"wp:featuredmedia":[{"embeddable":true,"href":"https:\/\/mundolimpomacae.com.br\/index.php\/wp-json\/wp\/v2\/media\/14572"}],"wp:attachment":[{"href":"https:\/\/mundolimpomacae.com.br\/index.php\/wp-json\/wp\/v2\/media?parent=14571"}],"wp:term":[{"taxonomy":"product_cat","embeddable":true,"href":"https:\/\/mundolimpomacae.com.br\/index.php\/wp-json\/wp\/v2\/product_cat?post=14571"},{"taxonomy":"product_tag","embeddable":true,"href":"https:\/\/mundolimpomacae.com.br\/index.php\/wp-json\/wp\/v2\/product_tag?post=14571"}],"curies":[{"name":"wp","href":"https:\/\/api.w.org\/{rel}","templated":true}]}}