{"id":14644,"date":"2021-07-19T09:15:15","date_gmt":"2021-07-19T12:15:15","guid":{"rendered":"https:\/\/mundolimpomacae.com.br\/?post_type=product&#038;p=14644"},"modified":"2021-07-19T09:48:28","modified_gmt":"2021-07-19T12:48:28","slug":"limpador-peroxy-protein-remover-spartan-5l","status":"publish","type":"product","link":"https:\/\/mundolimpomacae.com.br\/index.php\/produto\/limpador-peroxy-protein-remover-spartan-5l\/","title":{"rendered":"LIMPADOR PEROXY PROTEIN REMOVER SPARTAN 5L"},"content":{"rendered":"<p>O Peroxy Protein Remover, foi desenvolvido para limpeza, alvejamento e desodoriza\u00e7\u00e3o de superf\u00edcies, dispensando o enxague em superf\u00edcies que n\u00e3o tem contato com alimento. O produto \u00e9 eficaz na remo\u00e7\u00e3o de sujidades derivadas de alimentos e comidas preparadas, tais como, gorduras animais e vegetais, sangue e a\u00e7\u00facares em geral.<\/p>\n<p>Peroxy Protein Remover \u00e9 ideal para limpeza interna e externa de g\u00f4ndolas expositoras de alimentos, mesas, balan\u00e7as, bancadas,\u00a0chapas de inox, coifas, pisos, azulejos, etc. Tamb\u00e9m \u00e9 indicado para limpeza externa de m\u00e1quinas de caf\u00e9 expresso e para lavagem dos\u00a0man\u00edpulos e punhos porta filtros, garrafas t\u00e9rmicas e garrafas de vidro.<\/p>\n<p>A formula\u00e7\u00e3o do Peroxy Protein Remover reage com v\u00e1rios compostos de enxofre e am\u00f4nia, neutralizando odores desagrad\u00e1veis, comumente encontrados em \u00e1reas de retorno de garrafas, em recipientes de lixo, entre outros. A combina\u00e7\u00e3o de tensoativos especialmente selecionados e Per\u00f3xido de Hidrog\u00eanio promove a quebra de prote\u00ednas, gorduras e carboidratos, facilitando a solubiliza\u00e7\u00e3o dessas sujidades em \u00e1gua.<\/p>\n<p>&nbsp;<\/p>\n<p><strong>Especifica\u00e7\u00f5es t\u00e9cnicas\u00a0<\/strong><\/p>\n<p>&#8211; Apar\u00eancia: Liquido Transparente<br \/>\n&#8211; Cor: Incolor<br \/>\n&#8211; Odor:Caracter\u00edstico<br \/>\n&#8211; pH: 2,2 &#8211; 3,5<br \/>\n&#8211; Composi\u00e7\u00e3o: \u00c1gua, acidificante, tensoativos n\u00e3o i\u00f4nicos e alvejante.<br \/>\n&#8211; Produto saneante notificado na Anvisa sob n\u00b0 25351.407307\/2016-54<\/p>\n<p>&nbsp;<\/p>\n<p><strong>Aplica\u00e7\u00e3o<\/strong><\/p>\n<p>&#8211; Limpador multiuso \u00e0 base de Per\u00f3xido de Hidrog\u00eanio, indicado para remover \u00f3leo, sangue, gordura, a\u00e7\u00facar, etc. N\u00e3o requer enxague e possui poder alvejante, sendo ideal para limpeza interna e externa de g\u00f4ndolas expositoras de carnes, peixes e p\u00e3es, balan\u00e7as, bancadas, etc.<\/p>\n<p>&nbsp;<\/p>\n<p><strong>Dilui\u00e7\u00e3o<\/strong><\/p>\n<p>&#8211;\u00a0at\u00e9 1:50 desinfetante e at\u00e9 1:200 limpador de uso geral.<\/p>\n<p>&nbsp;<\/p>\n<p><strong>Veja mais detalhes sobre o produto<\/strong><\/p>\n<p>Confira o v\u00eddeo explicativo de uso:<\/p>\n<div style=\"width: 960px;\" class=\"wp-video\"><!--[if lt IE 9]><script>document.createElement('video');<\/script><![endif]-->\n<video class=\"wp-video-shortcode\" id=\"video-14644-1\" width=\"960\" height=\"540\" preload=\"auto\" controls=\"controls\"><source type=\"video\/mp4\" src=\"https:\/\/mundolimpomacae.com.br\/wp-content\/uploads\/2021\/07\/2735-_-Peroxy-Protein-Remover.mp4?_=1\" \/><a href=\"https:\/\/mundolimpomacae.com.br\/wp-content\/uploads\/2021\/07\/2735-_-Peroxy-Protein-Remover.mp4\">https:\/\/mundolimpomacae.com.br\/wp-content\/uploads\/2021\/07\/2735-_-Peroxy-Protein-Remover.mp4<\/a><\/video><\/div>\n<p>&nbsp;<\/p>\n<p><strong>Instru\u00e7\u00f5es de uso<\/strong><\/p>\n<p><em>Limpeza como multiuso:<\/em><\/p>\n<p>1.Pulverizar PEROXY PROTEIN REMOVER, na dilui\u00e7\u00e3o recomendada, sobre a superf\u00edcie.<\/p>\n<p>2.Realizar a limpeza, com o aux\u00edlio de pano de algod\u00e3o, pano de microfibra, panos tipo TNT (Tecido N\u00e3o Tecido), fibras de limpeza ou escovas. Para maior ader\u00eancia em superf\u00edcies verticais, pode-se utilizar geradores de espuma pressurizados manualmente.<\/p>\n<p>&#8211; Diluir 1:100 (10 ml de produto para 1 litro de \u00e1gua).<\/p>\n<p>&nbsp;<\/p>\n<p><em>Limpeza de pisos frios:<\/em><\/p>\n<p>1.Aplicar PEROXY PROTEIN REMOVER, na dilui\u00e7\u00e3o recomendada, com aux\u00edlio de mop (de prefer\u00eancia mop microfibra), no piso.<\/p>\n<p>2.Passar o mop em todo o piso, tomando cuidado para n\u00e3o deixar o mop encharcado de produto, para que n\u00e3o fique residual no piso, podendo assim, causar manchas e emba\u00e7amento.<\/p>\n<p>&#8211; Diluir\u00a0 1:200 (5 ml de produto\u00a0para 1 litro de \u00e1gua), Limpeza de piso de Porcelanato<\/p>\n<p>&#8211; Diluir\u00a0 1:100 (10 ml de produto para 1 litro de \u00e1gua), Limpeza de piso C\u00earamico<\/p>\n<p>&nbsp;<\/p>\n<p><em>Limpeza com m\u00e1quina de lavar piso:<\/em><\/p>\n<p>1.Abastecer o tanque da m\u00e1quina com PEROXY PROTEIN REMOVER, na dilui\u00e7\u00e3o recomendada.<\/p>\n<p>2.Passar a m\u00e1quina sobre todo o piso. Se necess\u00e1rio, utilizar o produto ANTIESPUMANTE no tanque de recolhimento da m\u00e1quina, para evitar forma\u00e7\u00e3o de espuma.<\/p>\n<p>&#8211; Diluir\u00a01:200 (5 ml de produto para 1 litro de \u00e1gua), limpeza leva<\/p>\n<p>&#8211; Diluir\u00a01:150 (7 ml de produto\u00a0para 1\u00a0litro de \u00e1gua), Limpeza m\u00e9dia<\/p>\n<p>&#8211; Diluir\u00a01:100 (10 ml de produto para 1 litro de \u00e1gua), Limpeza pesada<\/p>\n<p>&nbsp;<\/p>\n<p><em>Limpeza pesada e desinfec\u00e7\u00e3o:<\/em><\/p>\n<p>1.Aplicar PEROXY PROTEIN REMOVER, na dilui\u00e7\u00e3o recomendada, sobre a superf\u00edcie.<\/p>\n<p>2.Utilizar fibra de limpeza e suporte LT, escovas ou m\u00e1quina conservadora Low Speed.<\/p>\n<p>3.Recolher o res\u00edduo de produto e sujidade, com o aux\u00edlio de rodo ou secadores de bancada e parede.<\/p>\n<p>4.Enxaguar com \u00e1gua limpa.<\/p>\n<p>&#8211; Diluir\u00a01:50 (20 ml de produto\u00a0para 1 litro de \u00e1gua), Limpeza pesada<\/p>\n<p>&#8211; Diluir\u00a01:30 (33 ml de produto para 1 litro de \u00e1gua), Limpeza m\u00e9dia<\/p>\n<p>&#8211; Diluir\u00a01:20 (50 ml de produto para 1\u00a0 litro de \u00e1gua), Limpeza pesada<\/p>\n<p>&nbsp;<\/p>\n<p><strong>Informa\u00e7\u00e3o adicional<\/strong><\/p>\n<p>&#8211;\u00a0Peroxy Protein Remover recebeu certifica\u00e7\u00e3o de r\u00f3tulo ecol\u00f3gico ABNT, comprovando que sua formula\u00e7\u00e3o e processo produtivo foram pensados de modo a minimizar desperd\u00edcios e impactos negativos no meio ambiente.<\/p>\n<p>&nbsp;<\/p>\n<p><strong>Conte\u00fado da embalagem<\/strong><\/p>\n<p>&#8211; 1 Peroxy Protein Remover &#8211; Desinfetante Desengordurante 5 Litros &#8211; Spartan<\/p>\n","protected":false},"excerpt":{"rendered":"<p>SPARTAN<\/p>\n","protected":false},"featured_media":14645,"comment_status":"closed","ping_status":"closed","template":"","meta":[],"product_cat":[719],"product_tag":[174,177,175,170,171,176],"_links":{"self":[{"href":"https:\/\/mundolimpomacae.com.br\/index.php\/wp-json\/wp\/v2\/product\/14644"}],"collection":[{"href":"https:\/\/mundolimpomacae.com.br\/index.php\/wp-json\/wp\/v2\/product"}],"about":[{"href":"https:\/\/mundolimpomacae.com.br\/index.php\/wp-json\/wp\/v2\/types\/product"}],"replies":[{"embeddable":true,"href":"https:\/\/mundolimpomacae.com.br\/index.php\/wp-json\/wp\/v2\/comments?post=14644"}],"wp:featuredmedia":[{"embeddable":true,"href":"https:\/\/mundolimpomacae.com.br\/index.php\/wp-json\/wp\/v2\/media\/14645"}],"wp:attachment":[{"href":"https:\/\/mundolimpomacae.com.br\/index.php\/wp-json\/wp\/v2\/media?parent=14644"}],"wp:term":[{"taxonomy":"product_cat","embeddable":true,"href":"https:\/\/mundolimpomacae.com.br\/index.php\/wp-json\/wp\/v2\/product_cat?post=14644"},{"taxonomy":"product_tag","embeddable":true,"href":"https:\/\/mundolimpomacae.com.br\/index.php\/wp-json\/wp\/v2\/product_tag?post=14644"}],"curies":[{"name":"wp","href":"https:\/\/api.w.org\/{rel}","templated":true}]}}